{"id":1292,"date":"2025-12-18T16:39:16","date_gmt":"2025-12-18T16:39:16","guid":{"rendered":"https:\/\/kkl.org.ar\/tubishvat\/?page_id=1292"},"modified":"2026-04-06T16:16:05","modified_gmt":"2026-04-06T16:16:05","slug":"certificados","status":"publish","type":"page","link":"https:\/\/kkl.org.ar\/certificados\/","title":{"rendered":"Certificados"},"content":{"rendered":"\t\t<div data-elementor-type=\"wp-page\" data-elementor-id=\"1292\" class=\"elementor elementor-1292\">\n\t\t\t\t<div class=\"elementor-element elementor-element-6c699437 e-con-full e-flex e-con e-parent\" data-id=\"6c699437\" data-element_type=\"container\" data-e-type=\"container\" data-settings=\"{&quot;background_background&quot;:&quot;classic&quot;}\">\n\t\t\t\t<div class=\"elementor-element elementor-element-72fba0cc elementor-widget elementor-widget-heading\" data-id=\"72fba0cc\" data-element_type=\"widget\" data-e-type=\"widget\" data-widget_type=\"heading.default\">\n\t\t\t\t\t<h2 class=\"elementor-heading-title elementor-size-default\">PLANT\u00c1 UN \u00c1RBOL EN ISRAEL<\/h2>\t\t\t\t<\/div>\n\t\t\t\t<\/div>\n\t\t<div class=\"elementor-element elementor-element-8af0d66 e-flex e-con-boxed e-con e-parent\" data-id=\"8af0d66\" data-element_type=\"container\" data-e-type=\"container\" data-settings=\"{&quot;background_background&quot;:&quot;classic&quot;}\">\n\t\t\t\t\t<div class=\"e-con-inner\">\n\t\t<div class=\"elementor-element elementor-element-2f2d6ac e-con-full e-flex e-con e-child\" data-id=\"2f2d6ac\" data-element_type=\"container\" data-e-type=\"container\">\n\t\t\t\t<div class=\"elementor-element elementor-element-f4f293c elementor-widget elementor-widget-text-editor\" data-id=\"f4f293c\" data-element_type=\"widget\" data-e-type=\"widget\" data-widget_type=\"text-editor.default\">\n\t\t\t\t\t\t\t\t\t<p>Celebr\u00e1 cualquier momento importante de la vida. Plantar \u00e1rboles en Israel es una manera hermosa de demostrar tu cari\u00f1o y compromiso.<\/p>\t\t\t\t\t\t\t\t<\/div>\n\t\t\t\t<div class=\"elementor-element elementor-element-2cea247 elementor-widget elementor-widget-heading\" data-id=\"2cea247\" data-element_type=\"widget\" data-e-type=\"widget\" data-widget_type=\"heading.default\">\n\t\t\t\t\t<h2 class=\"elementor-heading-title elementor-size-default\">En KKL, llevamos m\u00e1s de un siglo plantando \u00e1rboles en Israel. Esta acci\u00f3n nos conecta con la tierra y simboliza una apuesta de esperanza y optimismo por el futuro del pa\u00eds.<\/h2>\t\t\t\t<\/div>\n\t\t\t\t<div class=\"elementor-element elementor-element-e19bd1c elementor-widget elementor-widget-text-editor\" data-id=\"e19bd1c\" data-element_type=\"widget\" data-e-type=\"widget\" data-widget_type=\"text-editor.default\">\n\t\t\t\t\t\t\t\t\t<p>Cada \u00e1rbol que regales incluye un certificado personalizado, que se enviar\u00e1 por correo al destinatario. Si no encontras entre nuestras opciones predeterminadas el motivo que queres para tu certificado, comun\u00edcate con nuestra oficina y con gusto te ayudaremos a crear uno especial.<\/p>\t\t\t\t\t\t\t\t<\/div>\n\t\t\t\t<\/div>\n\t\t<div class=\"elementor-element elementor-element-c799d8c e-con-full e-flex e-con e-child\" data-id=\"c799d8c\" data-element_type=\"container\" data-e-type=\"container\">\n\t\t\t\t<\/div>\n\t\t\t\t\t<\/div>\n\t\t\t\t<\/div>\n\t\t<div class=\"elementor-element elementor-element-c4837ad e-flex e-con-boxed e-con e-parent\" data-id=\"c4837ad\" data-element_type=\"container\" data-e-type=\"container\">\n\t\t\t\t\t<div class=\"e-con-inner\">\n\t\t<div class=\"elementor-element elementor-element-b354df1 e-con-full e-flex e-con e-child\" data-id=\"b354df1\" data-element_type=\"container\" data-e-type=\"container\">\n\t\t\t\t<div class=\"elementor-element elementor-element-af53c9b elementor-widget elementor-widget-shortcode\" data-id=\"af53c9b\" data-element_type=\"widget\" data-e-type=\"widget\" data-widget_type=\"shortcode.default\">\n\t\t\t\t\t\t\t<div class=\"elementor-shortcode\"><div class=\"woocommerce columns-4 \"><ul class=\"products content-wrap product-archive grid-cols grid-ss-col-2 grid-sm-col-3 grid-lg-col-4 woo-archive-action-on-hover woo-archive-btn-text  woo-archive-image-hover-none\"><li class=\"entry content-bg loop-entry product type-product post-5023 status-publish first instock product_cat-certificado has-post-thumbnail virtual purchasable product-type-simple\">\n\t<a href=\"https:\/\/kkl.org.ar\/certificados\/product\/certificado-de-plantacion\/\" class=\"woocommerce-loop-image-link woocommerce-LoopProduct-link woocommerce-loop-product__link\"><img fetchpriority=\"high\" decoding=\"async\" width=\"310\" height=\"439\" src=\"https:\/\/kkl.org.ar\/certificados\/wp-content\/uploads\/2026\/03\/fondo_certificado_02_small.jpg\" class=\"attachment-woocommerce_thumbnail size-woocommerce_thumbnail\" alt=\"Plant\u00e1 un \u00e1rbol y llevate tu certificado\" srcset=\"https:\/\/kkl.org.ar\/certificados\/wp-content\/uploads\/2026\/03\/fondo_certificado_02_small.jpg 310w, https:\/\/kkl.org.ar\/certificados\/wp-content\/uploads\/2026\/03\/fondo_certificado_02_small-212x300.jpg 212w\" sizes=\"(max-width: 310px) 100vw, 310px\" \/><\/a><div class=\"product-details content-bg entry-content-wrap\"><h2 class=\"woocommerce-loop-product__title\"><a href=\"https:\/\/kkl.org.ar\/certificados\/product\/certificado-de-plantacion\/\" class=\"woocommerce-LoopProduct-link-title woocommerce-loop-product__title_ink\">Plant\u00e1 un \u00e1rbol y llevate tu certificado<\/a><\/h2>\n\t<span class=\"price\"><span class=\"woocommerce-Price-amount amount\"><bdi><span class=\"woocommerce-Price-currencySymbol\">&#36;<\/span>&nbsp;20.000<\/bdi><\/span><\/span>\n<div class=\"product-action-wrap\"><a href=\"https:\/\/kkl.org.ar\/certificados\/product\/certificado-de-plantacion\/\" data-quantity=\"1\" class=\"button product_type_simple add_to_cart_button\" data-product_id=\"5023\" data-product_sku=\"\" aria-label=\"Add to cart: &ldquo;Plant\u00e1 un \u00e1rbol y llevate tu certificado&rdquo;\" rel=\"nofollow\" data-success_message=\"&ldquo;Plant\u00e1 un \u00e1rbol y llevate tu certificado&rdquo; se agreg\u00f3 al carrito\">Ver opciones<span class=\"kadence-svg-iconset svg-baseline\"><svg aria-hidden=\"true\" class=\"kadence-svg-icon kadence-arrow-right-alt-svg\" fill=\"currentColor\" version=\"1.1\" xmlns=\"http:\/\/www.w3.org\/2000\/svg\" width=\"27\" height=\"28\" viewBox=\"0 0 27 28\"><title>Continue<\/title><path d=\"M27 13.953c0 0.141-0.063 0.281-0.156 0.375l-6 5.531c-0.156 0.141-0.359 0.172-0.547 0.094-0.172-0.078-0.297-0.25-0.297-0.453v-3.5h-19.5c-0.281 0-0.5-0.219-0.5-0.5v-3c0-0.281 0.219-0.5 0.5-0.5h19.5v-3.5c0-0.203 0.109-0.375 0.297-0.453s0.391-0.047 0.547 0.078l6 5.469c0.094 0.094 0.156 0.219 0.156 0.359v0z\"><\/path>\n\t\t\t\t<\/svg><\/span><span class=\"kadence-svg-iconset svg-baseline\"><svg class=\"kadence-svg-icon kadence-spinner-svg\" fill=\"currentColor\" version=\"1.1\" xmlns=\"http:\/\/www.w3.org\/2000\/svg\" width=\"16\" height=\"16\" viewBox=\"0 0 16 16\"><title>Loading<\/title><path d=\"M16 6h-6l2.243-2.243c-1.133-1.133-2.64-1.757-4.243-1.757s-3.109 0.624-4.243 1.757c-1.133 1.133-1.757 2.64-1.757 4.243s0.624 3.109 1.757 4.243c1.133 1.133 2.64 1.757 4.243 1.757s3.109-0.624 4.243-1.757c0.095-0.095 0.185-0.192 0.273-0.292l1.505 1.317c-1.466 1.674-3.62 2.732-6.020 2.732-4.418 0-8-3.582-8-8s3.582-8 8-8c2.209 0 4.209 0.896 5.656 2.344l2.343-2.344v6z\"><\/path>\n\t\t\t\t<\/svg><\/span><span class=\"kadence-svg-iconset svg-baseline\"><svg class=\"kadence-svg-icon kadence-check-svg\" fill=\"currentColor\" version=\"1.1\" xmlns=\"http:\/\/www.w3.org\/2000\/svg\" width=\"16\" height=\"16\" viewBox=\"0 0 16 16\"><title>Done<\/title><path d=\"M14 2.5l-8.5 8.5-3.5-3.5-1.5 1.5 5 5 10-10z\"><\/path>\n\t\t\t\t<\/svg><\/span><\/a>\t<span id=\"woocommerce_loop_add_to_cart_link_describedby_5023\" class=\"screen-reader-text\">\n\t\t\t<\/span>\n<\/div><\/div><\/li>\n<\/ul>\n<\/div><\/div>\n\t\t\t\t\t\t<\/div>\n\t\t\t\t<\/div>\n\t\t\t\t\t<\/div>\n\t\t\t\t<\/div>\n\t\t\t\t<\/div>\n\t\t","protected":false},"excerpt":{"rendered":"<p>PLANT\u00c1 UN \u00c1RBOL EN ISRAEL Celebr\u00e1 cualquier momento importante de la vida. Plantar \u00e1rboles en Israel es una manera hermosa de demostrar tu cari\u00f1o y compromiso. En KKL, llevamos m\u00e1s de un siglo plantando \u00e1rboles en Israel. Esta acci\u00f3n nos conecta con la tierra y simboliza una apuesta de esperanza y optimismo por el futuro&#8230;<\/p>\n","protected":false},"author":1,"featured_media":1174,"parent":0,"menu_order":0,"comment_status":"closed","ping_status":"closed","template":"","meta":{"_acf_changed":false,"_kadence_starter_templates_imported_post":true,"_kad_post_transparent":"","_kad_post_title":"hide","_kad_post_layout":"fullwidth","_kad_post_sidebar_id":"","_kad_post_content_style":"unboxed","_kad_post_vertical_padding":"hide","_kad_post_feature":"","_kad_post_feature_position":"","_kad_post_header":false,"_kad_post_footer":false,"_kad_post_classname":"","footnotes":""},"class_list":["post-1292","page","type-page","status-publish","has-post-thumbnail","hentry"],"acf":[],"_links":{"self":[{"href":"https:\/\/kkl.org.ar\/certificados\/wp-json\/wp\/v2\/pages\/1292","targetHints":{"allow":["GET"]}}],"collection":[{"href":"https:\/\/kkl.org.ar\/certificados\/wp-json\/wp\/v2\/pages"}],"about":[{"href":"https:\/\/kkl.org.ar\/certificados\/wp-json\/wp\/v2\/types\/page"}],"author":[{"embeddable":true,"href":"https:\/\/kkl.org.ar\/certificados\/wp-json\/wp\/v2\/users\/1"}],"replies":[{"embeddable":true,"href":"https:\/\/kkl.org.ar\/certificados\/wp-json\/wp\/v2\/comments?post=1292"}],"version-history":[{"count":120,"href":"https:\/\/kkl.org.ar\/certificados\/wp-json\/wp\/v2\/pages\/1292\/revisions"}],"predecessor-version":[{"id":5100,"href":"https:\/\/kkl.org.ar\/certificados\/wp-json\/wp\/v2\/pages\/1292\/revisions\/5100"}],"wp:featuredmedia":[{"embeddable":true,"href":"https:\/\/kkl.org.ar\/certificados\/wp-json\/wp\/v2\/media\/1174"}],"wp:attachment":[{"href":"https:\/\/kkl.org.ar\/certificados\/wp-json\/wp\/v2\/media?parent=1292"}],"curies":[{"name":"wp","href":"https:\/\/api.w.org\/{rel}","templated":true}]}}